{"id":96,"date":"2019-08-01T11:44:35","date_gmt":"2019-08-01T09:44:35","guid":{"rendered":"https:\/\/pawsethic.be\/?page_id=96"},"modified":"2025-07-28T21:15:47","modified_gmt":"2025-07-28T19:15:47","slug":"methode-bienveillante","status":"publish","type":"page","link":"https:\/\/pawsethic.be\/index.php\/methode-bienveillante\/","title":{"rendered":"M\u00e9thode"},"content":{"rendered":"\n<div class=\"wp-block-image\"><figure class=\"aligncenter is-resized\"><img loading=\"lazy\" decoding=\"async\" src=\"https:\/\/pawsethic.be\/wp-content\/uploads\/2024\/06\/Ai\u0308ko-et-moi.printempsJPG-1-1024x683.jpg\" alt=\"\" class=\"wp-image-607\" width=\"581\" height=\"387\" srcset=\"https:\/\/pawsethic.be\/wp-content\/uploads\/2024\/06\/Ai\u0308ko-et-moi.printempsJPG-1-1024x683.jpg 1024w, https:\/\/pawsethic.be\/wp-content\/uploads\/2024\/06\/Ai\u0308ko-et-moi.printempsJPG-1-300x200.jpg 300w, https:\/\/pawsethic.be\/wp-content\/uploads\/2024\/06\/Ai\u0308ko-et-moi.printempsJPG-1-768x512.jpg 768w, https:\/\/pawsethic.be\/wp-content\/uploads\/2024\/06\/Ai\u0308ko-et-moi.printempsJPG-1-1140x760.jpg 1140w\" sizes=\"auto, (max-width: 581px) 100vw, 581px\" \/><\/figure><\/div>\n\n\n\n<blockquote style=\"text-align:center\" class=\"wp-block-quote is-layout-flow wp-block-quote-is-layout-flow\"><p>\u00ab\u00a0Mais si tu m&rsquo;apprivoises, nous aurons besoin l&rsquo;un de l&rsquo;autre. Tu seras pour moi unique au monde, je serai pour toi unique au monde\u00a0\u00bb<\/p><cite>Le petit Prince<br>Antoine de Saint-Exup\u00e9ry<\/cite><\/blockquote>\n\n\n\n<p><\/p>\n\n\n\n<p style=\"text-align:center\">Chez <strong>PAWSethic<\/strong>, cette citation prend tout son sens. S\u2019apprivoiser mutuellement, en tant qu\u2019esp\u00e8ces diff\u00e9rentes, c\u2019est apprendre \u00e0 se comprendre pour mieux s\u2019aimer.<\/p>\n\n\n\n<p style=\"text-align:center\">Ici, <strong>pas d\u2019apprentissage par la peur ou la contrainte<\/strong>. <\/p>\n\n\n\n<p style=\"text-align:center\">En effet, la science comme l\u2019\u00e9thique nous montrent que ces m\u00e9thodes, fond\u00e9es sur le rapport de force, les cris ou les punitions, d\u00e9gradent non seulement la relation, mais g\u00e9n\u00e8rent \u00e9galement peur, agressivit\u00e9, excitabilit\u00e9, troubles \u00e9motionnels et comportements r\u00e9p\u00e9titifs (TOC) chez le chien. <br>Elles nuisent profond\u00e9ment \u00e0 son bien-\u00eatre.<\/p>\n\n\n\n<p style=\"text-align:center\"><strong>L\u2019approche que je propose est respectueuse, bienveillante et cognitive.<\/strong><br> Elle consid\u00e8re le chien comme un<strong> individu \u00e0 part enti\u00e8re<\/strong>, capable d\u2019apprendre, de r\u00e9fl\u00e9chir, de s\u2019adapter. Elle vise \u00e0 l\u2019accompagner avec douceur, compr\u00e9hension et justesse, main dans la main avec sa famille humaine, pour lui permettre de grandir, de s\u2019\u00e9panouir et de mieux comprendre le monde qui l\u2019entoure.<\/p>\n\n\n\n<p style=\"text-align:center\"><br><strong> Mon objectif :<\/strong><br> Vous aider \u00e0 mieux comprendre <strong>qui est votre chien<\/strong>, ce qu\u2019il vit, ce dont il a besoin, ce qui le motive, ce qui lui p\u00e8se.<br> Car bien souvent, ce que l\u2019on nomme un \u00ab probl\u00e8me de comportement \u00bb n\u2019est rien d\u2019autre qu\u2019une <strong>r\u00e9ponse normale<\/strong> \u00e0 un <strong>besoin non combl\u00e9<\/strong> ou un <strong>stress mal compris<\/strong>.<\/p>\n\n\n\n<p style=\"text-align:center\">C\u2019est pourquoi chaque accompagnement est <strong>personnalis\u00e9<\/strong> : il s\u2019adapte \u00e0 <strong>votre chien<\/strong>, \u00e0 <strong>votre histoire<\/strong>, et \u00e0 <strong>vos objectifs communs<\/strong>. Parce que la relation que vous partagez est unique.<\/p>\n\n\n\n<p style=\"text-align:center\"><br>Au fil des s\u00e9ances, nous apprendrons ensemble \u00e0 l&rsquo;<strong>observer, le lire, le comprendre<\/strong> <strong>et communiquer avec lui <\/strong>afin de mettre en place des cl\u00e9s concr\u00e8tes et adapt\u00e9es \u00e0 votre quotidien, dans le respect de vos besoins \u00e0 tous les deux.<br>En somme, <strong>vous rencontrer vraiment<\/strong>, pour construire une relation stable, durable et harmonieuse, fond\u00e9e sur la <strong>confiance<\/strong>, la <strong>compr\u00e9hension mutuelle <\/strong>et le <strong>plaisir d\u2019\u00eatre ensemble<\/strong>.<\/p>\n\n\n\n<p><\/p>\n\n\n\n<p style=\"text-align:center\">Parce qu\u2019une vie avec un chien, ce n\u2019est pas une simple histoire de \u00ab assis \u00bb ou \u00ab couch\u00e9 \u00bb.<br> <strong>Mon approche ne se centre pas sur des automatismes mais sur des interactions qui ont du sens pour le chien comme pour vous.<\/strong><br>Elle prend en compte<strong> le chien dans toutes ses dimensions <\/strong>\u2013 \u00e9motionnelle, comportementale, relationnelle et environnementale \u2013 pour l\u2019accompagner au plus juste dans son quotidien.<br> L\u2019objectif : construire une relation vivante, riche et profond\u00e9ment r\u00e9ciproque.<\/p>\n\n\n\n<p><\/p>\n\n\n\n<p style=\"text-align:center\"><strong>D\u00e9couvrez nos <a rel=\"noreferrer noopener\" aria-label=\" (s\u2019ouvre dans un nouvel onglet)\" href=\"https:\/\/pawsethic.be\/index.php\/category\/services-education-et-comportement-chien-et-chat\/\" target=\"_blank\">services<\/a> pour en savoir plus !<\/strong><\/p>\n","protected":false},"excerpt":{"rendered":"<p>\u00ab\u00a0Mais si tu m&rsquo;apprivoises, nous aurons besoin l&rsquo;un de l&rsquo;autre. Tu seras pour moi unique au monde, je serai pour toi unique au monde\u00a0\u00bb Le petit PrinceAntoine de Saint-Exup\u00e9ry Chez PAWSethic, cette citation prend tout son sens. S\u2019apprivoiser mutuellement, en tant qu\u2019esp\u00e8ces diff\u00e9rentes, c\u2019est apprendre \u00e0 se comprendre pour mieux s\u2019aimer. Ici, pas d\u2019apprentissage par la peur ou la contrainte. En effet, la science comme l\u2019\u00e9thique nous montrent que ces m\u00e9thodes, fond\u00e9es sur le rapport de force, les cris ou les punitions, d\u00e9gradent non seulement la relation, mais g\u00e9n\u00e8rent \u00e9galement peur, agressivit\u00e9, excitabilit\u00e9, troubles \u00e9motionnels et comportements r\u00e9p\u00e9titifs (TOC) chez le chien. Elles nuisent profond\u00e9ment \u00e0 son bien-\u00eatre. L\u2019approche que je propose est respectueuse, bienveillante et cognitive. Elle consid\u00e8re le chien comme un individu \u00e0 part enti\u00e8re, capable d\u2019apprendre, de r\u00e9fl\u00e9chir, de s\u2019adapter. Elle vise \u00e0 l\u2019accompagner avec douceur, compr\u00e9hension et justesse, main dans la main avec sa famille humaine, pour lui permettre de grandir, de s\u2019\u00e9panouir et de mieux comprendre le monde qui l\u2019entoure. Mon objectif : Vous aider \u00e0 mieux comprendre qui est votre chien, ce qu\u2019il vit, ce dont il a besoin, ce qui le motive, ce qui lui p\u00e8se. Car bien souvent, ce que l\u2019on nomme un \u00ab probl\u00e8me de comportement \u00bb n\u2019est rien d\u2019autre qu\u2019une r\u00e9ponse normale \u00e0 un besoin non combl\u00e9 ou un stress mal compris. C\u2019est pourquoi chaque accompagnement est personnalis\u00e9 : il s\u2019adapte \u00e0 votre chien, \u00e0 votre histoire, et \u00e0 vos objectifs communs. Parce que la relation que vous partagez est unique. Au fil des s\u00e9ances, nous apprendrons ensemble \u00e0 l&rsquo;observer, le lire, le comprendre et communiquer avec lui afin de mettre en place des cl\u00e9s concr\u00e8tes et adapt\u00e9es \u00e0 votre quotidien, dans le respect de vos besoins \u00e0 tous les deux.En somme, vous rencontrer vraiment, pour construire une relation stable, durable et harmonieuse, fond\u00e9e sur la confiance, la compr\u00e9hension mutuelle et le plaisir d\u2019\u00eatre ensemble. Parce qu\u2019une vie avec un chien, ce n\u2019est pas une simple histoire de \u00ab assis \u00bb ou \u00ab couch\u00e9 \u00bb. Mon approche ne se centre pas sur des automatismes mais sur des interactions qui ont du sens pour le chien comme pour vous.Elle prend en compte le chien dans toutes ses dimensions \u2013 \u00e9motionnelle, comportementale, relationnelle et environnementale \u2013 pour l\u2019accompagner au plus juste dans son quotidien. L\u2019objectif : construire une relation vivante, riche et profond\u00e9ment r\u00e9ciproque. D\u00e9couvrez nos services pour en savoir plus !<\/p>\n","protected":false},"author":1,"featured_media":0,"parent":0,"menu_order":0,"comment_status":"closed","ping_status":"closed","template":"","meta":{"footnotes":""},"class_list":["post-96","page","type-page","status-publish","hentry"],"_links":{"self":[{"href":"https:\/\/pawsethic.be\/index.php\/wp-json\/wp\/v2\/pages\/96","targetHints":{"allow":["GET"]}}],"collection":[{"href":"https:\/\/pawsethic.be\/index.php\/wp-json\/wp\/v2\/pages"}],"about":[{"href":"https:\/\/pawsethic.be\/index.php\/wp-json\/wp\/v2\/types\/page"}],"author":[{"embeddable":true,"href":"https:\/\/pawsethic.be\/index.php\/wp-json\/wp\/v2\/users\/1"}],"replies":[{"embeddable":true,"href":"https:\/\/pawsethic.be\/index.php\/wp-json\/wp\/v2\/comments?post=96"}],"version-history":[{"count":33,"href":"https:\/\/pawsethic.be\/index.php\/wp-json\/wp\/v2\/pages\/96\/revisions"}],"predecessor-version":[{"id":679,"href":"https:\/\/pawsethic.be\/index.php\/wp-json\/wp\/v2\/pages\/96\/revisions\/679"}],"wp:attachment":[{"href":"https:\/\/pawsethic.be\/index.php\/wp-json\/wp\/v2\/media?parent=96"}],"curies":[{"name":"wp","href":"https:\/\/api.w.org\/{rel}","templated":true}]}}