{"id":187,"date":"2019-08-02T13:46:49","date_gmt":"2019-08-02T11:46:49","guid":{"rendered":"https:\/\/pawsethic.be\/?page_id=187"},"modified":"2025-01-10T15:54:48","modified_gmt":"2025-01-10T14:54:48","slug":"contact-consultation-education-comportement-chat-chien","status":"publish","type":"page","link":"https:\/\/pawsethic.be\/index.php\/contact-consultation-education-comportement-chat-chien\/","title":{"rendered":"Contact"},"content":{"rendered":"\n<p>C&rsquo;est avec plaisir que je r\u00e9pondrai \u00e0 vos questions et demandes de rendez-vous <strong> via le formulaire de contact <\/strong>ou par <strong>message priv\u00e9 sur ma page <a href=\"https:\/\/www.facebook.com\/PawsEthic\" target=\"_blank\" rel=\"noreferrer noopener\" aria-label=\"Facebook PAWSethic  (s\u2019ouvre dans un nouvel onglet)\">Facebook PAWSethic <\/a><\/strong><div role=\"form\" class=\"wpcf7\" id=\"wpcf7-f204-o1\" lang=\"fr-FR\" dir=\"ltr\">\n<div class=\"screen-reader-response\"><\/div>\n<form action=\"\/index.php\/wp-json\/wp\/v2\/pages\/187#wpcf7-f204-o1\" method=\"post\" class=\"wpcf7-form\" novalidate=\"novalidate\">\n<div style=\"display: none;\">\n<input type=\"hidden\" name=\"_wpcf7\" value=\"204\" \/>\n<input type=\"hidden\" name=\"_wpcf7_version\" value=\"5.1.3\" \/>\n<input type=\"hidden\" name=\"_wpcf7_locale\" value=\"fr_FR\" \/>\n<input type=\"hidden\" name=\"_wpcf7_unit_tag\" value=\"wpcf7-f204-o1\" \/>\n<input type=\"hidden\" name=\"_wpcf7_container_post\" value=\"0\" \/>\n<\/div>\n<p><label> Votre nom (obligatoire)<br \/>\n    <span class=\"wpcf7-form-control-wrap your-name\"><input type=\"text\" name=\"your-name\" value=\"\" size=\"40\" class=\"wpcf7-form-control wpcf7-text wpcf7-validates-as-required\" aria-required=\"true\" aria-invalid=\"false\" \/><\/span> <\/label><\/p>\n<p><label> Votre adresse de messagerie (obligatoire)<br \/>\n    <span class=\"wpcf7-form-control-wrap your-email\"><input type=\"email\" name=\"your-email\" value=\"\" size=\"40\" class=\"wpcf7-form-control wpcf7-text wpcf7-email wpcf7-validates-as-required wpcf7-validates-as-email\" aria-required=\"true\" aria-invalid=\"false\" \/><\/span> <\/label><\/p>\n<p><label> Objet<br \/>\n    <span class=\"wpcf7-form-control-wrap your-subject\"><input type=\"text\" name=\"your-subject\" value=\"\" size=\"40\" class=\"wpcf7-form-control wpcf7-text\" aria-invalid=\"false\" \/><\/span> <\/label><\/p>\n<p><label> Votre message<br \/>\n    <span class=\"wpcf7-form-control-wrap your-message\"><textarea name=\"your-message\" cols=\"40\" rows=\"10\" class=\"wpcf7-form-control wpcf7-textarea\" aria-invalid=\"false\"><\/textarea><\/span> <\/label><\/p>\n<p><input type=\"submit\" value=\"Envoyer\" class=\"wpcf7-form-control wpcf7-submit\" \/><\/p>\n<div class=\"wpcf7-response-output wpcf7-display-none\"><\/div><\/form><\/div> <strong>.<\/strong><\/p>\n","protected":false},"excerpt":{"rendered":"<p>C&rsquo;est avec plaisir que je r\u00e9pondrai \u00e0 vos questions et demandes de rendez-vous via le formulaire de contact ou par message priv\u00e9 sur ma page Facebook PAWSethic .<\/p>\n","protected":false},"author":1,"featured_media":0,"parent":0,"menu_order":0,"comment_status":"closed","ping_status":"closed","template":"","meta":{"footnotes":""},"class_list":["post-187","page","type-page","status-publish","hentry"],"_links":{"self":[{"href":"https:\/\/pawsethic.be\/index.php\/wp-json\/wp\/v2\/pages\/187","targetHints":{"allow":["GET"]}}],"collection":[{"href":"https:\/\/pawsethic.be\/index.php\/wp-json\/wp\/v2\/pages"}],"about":[{"href":"https:\/\/pawsethic.be\/index.php\/wp-json\/wp\/v2\/types\/page"}],"author":[{"embeddable":true,"href":"https:\/\/pawsethic.be\/index.php\/wp-json\/wp\/v2\/users\/1"}],"replies":[{"embeddable":true,"href":"https:\/\/pawsethic.be\/index.php\/wp-json\/wp\/v2\/comments?post=187"}],"version-history":[{"count":8,"href":"https:\/\/pawsethic.be\/index.php\/wp-json\/wp\/v2\/pages\/187\/revisions"}],"predecessor-version":[{"id":638,"href":"https:\/\/pawsethic.be\/index.php\/wp-json\/wp\/v2\/pages\/187\/revisions\/638"}],"wp:attachment":[{"href":"https:\/\/pawsethic.be\/index.php\/wp-json\/wp\/v2\/media?parent=187"}],"curies":[{"name":"wp","href":"https:\/\/api.w.org\/{rel}","templated":true}]}}