{"id":180,"date":"2019-08-02T13:15:30","date_gmt":"2019-08-02T11:15:30","guid":{"rendered":"https:\/\/pawsethic.be\/?page_id=180"},"modified":"2025-09-30T16:36:56","modified_gmt":"2025-09-30T14:36:56","slug":"tarifs-consultations-education-et-comportement","status":"publish","type":"page","link":"https:\/\/pawsethic.be\/index.php\/tarifs-consultations-education-et-comportement\/","title":{"rendered":"Tarifs"},"content":{"rendered":"\n<p style=\"text-align:center\"><strong>Les tarifs mentionn\u00e9s s&rsquo;entendent hors frais de d\u00e9placement<\/strong>.<br>Ces derniers seront \u00e0 ajouter \u00e0 la prestation pour les s\u00e9ances individuelles en fonction de votre r\u00e9gion.<\/p>\n\n\n\n<h2 class=\"wp-block-heading\" style=\"text-align:center\">Consultation chiens et chiots<\/h2>\n\n\n\n<p style=\"text-align:center\"><strong>100\u20ac <\/strong> pour le premier bilan en pr\u00e9sentiel  (+\/- 2h30 )<br><strong>95\u20ac<\/strong> pour le premier bilan en ligne  (+\/- 2h30) <br><strong>75\u20ac<\/strong> pour les s\u00e9ances de suivi , obligatoirement en pr\u00e9sentiel  (+\/- 1h30 )<br>Chaque consultation inclus un  rapport de suivi complet reprenant l&rsquo;enti\u00e8ret\u00e9 de la s\u00e9ance.<br><strong>Il s&rsquo;agit bien d&rsquo;un tarif \u00e0 la consultation et non \u00e0 l&rsquo;heure<\/strong>, chaque animal avan\u00e7ant \u00e0 son rythme et <strong>dans une optique de respect et de bien-\u00eatre, si la consultation dure plus longtemps aucun surplus ne vous sera demand\u00e9.<\/strong><\/p>\n\n\n\n<h2 class=\"wp-block-heading\" style=\"text-align:center\">Consultation chats<\/h2>\n\n\n\n<p style=\"text-align:center\"><strong>95\u20ac<\/strong> incluant la consultation  et le rapport de suivi.<br>Uniquement en ligne.<br>+\/- 2h<br><strong>Le tarif n&rsquo;est pas un tarif \u00e0 l&rsquo;heure mais \u00e0 la consultation.<\/strong><\/p>\n\n\n\n<h2 class=\"wp-block-heading\" style=\"text-align:center\">Balade environnement<\/h2>\n\n\n\n<p style=\"text-align:center\"><strong>45\u20ac<\/strong> \/chien en collectif <br><strong>75\u20ac<\/strong> en individuel <br>Attention, une premi\u00e8re s\u00e9ance en individuel avec un de mes chiens est obligatoire pour rejoindre le collectif <br><a href=\"https:\/\/pawsethic.be\/index.php\/2025\/04\/30\/balades-speciales-environnement-avec-congeneres\/\">Plus d&rsquo;info<\/a><\/p>\n\n\n\n<h2 class=\"wp-block-heading\" style=\"text-align:center\">Balade guid\u00e9e<\/h2>\n\n\n\n<p style=\"text-align:center\"><strong>45\u20ac <\/strong>\/ chien <br>Attention, les chiens participants doivent avoir suivi les modules \u00e0 Canischola ou un bilan et gestion de longe en individuel. <br><a href=\"https:\/\/pawsethic.be\/index.php\/2023\/07\/05\/balades-guidees-lecture-et-accompagnement-du-chien-et-de-son-humain\/\">Plus d&rsquo;info<\/a><\/p>\n\n\n\n<p style=\"text-align:center\"><\/p>\n\n\n\n<p style=\"text-align:center\">Pour plus d&rsquo;informations n&rsquo;h\u00e9sitez pas \u00e0 me <a href=\"https:\/\/pawsethic.be\/index.php\/contact-consultation-education-comportement-chat-chien\/\" target=\"_blank\" rel=\"noreferrer noopener\" aria-label=\"contacter (s\u2019ouvre dans un nouvel onglet)\">contacter<\/a> !<\/p>\n","protected":false},"excerpt":{"rendered":"<p>Les tarifs mentionn\u00e9s s&rsquo;entendent hors frais de d\u00e9placement.Ces derniers seront \u00e0 ajouter \u00e0 la prestation pour les s\u00e9ances individuelles en fonction de votre r\u00e9gion. Consultation chiens et chiots 100\u20ac pour le premier bilan en pr\u00e9sentiel (+\/- 2h30 )95\u20ac pour le premier bilan en ligne (+\/- 2h30) 75\u20ac pour les s\u00e9ances de suivi , obligatoirement en pr\u00e9sentiel (+\/- 1h30 )Chaque consultation inclus un rapport de suivi complet reprenant l&rsquo;enti\u00e8ret\u00e9 de la s\u00e9ance.Il s&rsquo;agit bien d&rsquo;un tarif \u00e0 la consultation et non \u00e0 l&rsquo;heure, chaque animal avan\u00e7ant \u00e0 son rythme et dans une optique de respect et de bien-\u00eatre, si la consultation dure plus longtemps aucun surplus ne vous sera demand\u00e9. Consultation chats 95\u20ac incluant la consultation et le rapport de suivi.Uniquement en ligne.+\/- 2hLe tarif n&rsquo;est pas un tarif \u00e0 l&rsquo;heure mais \u00e0 la consultation. Balade environnement 45\u20ac \/chien en collectif 75\u20ac en individuel Attention, une premi\u00e8re s\u00e9ance en individuel avec un de mes chiens est obligatoire pour rejoindre le collectif Plus d&rsquo;info Balade guid\u00e9e 45\u20ac \/ chien Attention, les chiens participants doivent avoir suivi les modules \u00e0 Canischola ou un bilan et gestion de longe en individuel. Plus d&rsquo;info Pour plus d&rsquo;informations n&rsquo;h\u00e9sitez pas \u00e0 me contacter !<\/p>\n","protected":false},"author":1,"featured_media":0,"parent":0,"menu_order":0,"comment_status":"closed","ping_status":"closed","template":"","meta":{"footnotes":""},"class_list":["post-180","page","type-page","status-publish","hentry"],"_links":{"self":[{"href":"https:\/\/pawsethic.be\/index.php\/wp-json\/wp\/v2\/pages\/180","targetHints":{"allow":["GET"]}}],"collection":[{"href":"https:\/\/pawsethic.be\/index.php\/wp-json\/wp\/v2\/pages"}],"about":[{"href":"https:\/\/pawsethic.be\/index.php\/wp-json\/wp\/v2\/types\/page"}],"author":[{"embeddable":true,"href":"https:\/\/pawsethic.be\/index.php\/wp-json\/wp\/v2\/users\/1"}],"replies":[{"embeddable":true,"href":"https:\/\/pawsethic.be\/index.php\/wp-json\/wp\/v2\/comments?post=180"}],"version-history":[{"count":39,"href":"https:\/\/pawsethic.be\/index.php\/wp-json\/wp\/v2\/pages\/180\/revisions"}],"predecessor-version":[{"id":703,"href":"https:\/\/pawsethic.be\/index.php\/wp-json\/wp\/v2\/pages\/180\/revisions\/703"}],"wp:attachment":[{"href":"https:\/\/pawsethic.be\/index.php\/wp-json\/wp\/v2\/media?parent=180"}],"curies":[{"name":"wp","href":"https:\/\/api.w.org\/{rel}","templated":true}]}}